{"id":6,"date":"2021-03-05T21:35:23","date_gmt":"2021-03-05T21:35:23","guid":{"rendered":"https:\/\/confederacionmasonica.org\/cmfa\/?page_id=6"},"modified":"2021-11-12T00:09:16","modified_gmt":"2021-11-12T00:09:16","slug":"comfa","status":"publish","type":"page","link":"https:\/\/confederacionmasonica.org\/cmfa\/","title":{"rendered":"Confederaci\u00f3n Mas\u00f3nica Filos\u00f3fica Americana"},"content":{"rendered":"\n<div class=\"wp-block-group alignwide\"><div class=\"wp-block-group__inner-container is-layout-flow wp-block-group-is-layout-flow\">\n<h2 class=\"has-text-align-center wp-block-heading\">Presentaci\u00f3n<\/h2>\n\n\n\n<p>Con el nombre de <strong>Confederaci\u00f3n Mas\u00f3nica Filos\u00f3fica Americana<\/strong> <strong>(C:. M:. F:. A:.)<\/strong>, el 21 de Diciembre de 2020, se constituy\u00f3 la entidad mas\u00f3nica que nuclea a los Supremos Consejos o Similares de Entidades mas\u00f3nicas del continente.<\/p>\n<\/div><\/div>\n\n\n\n<div class=\"wp-block-columns alignwide is-layout-flex wp-container-core-columns-is-layout-9d6595d7 wp-block-columns-is-layout-flex\">\n<div class=\"wp-block-column is-layout-flow wp-block-column-is-layout-flow\">\n<div class=\"wp-block-group\"><div class=\"wp-block-group__inner-container is-layout-flow wp-block-group-is-layout-flow\">\n<figure class=\"wp-block-image alignfull size-large\"><img loading=\"lazy\" decoding=\"async\" width=\"640\" height=\"640\" src=\"https:\/\/confederacionmasonica.org\/cmfa\/wp-content\/uploads\/2021\/03\/CMFA-2.jpg\" alt=\"\" class=\"wp-image-79\" srcset=\"https:\/\/confederacionmasonica.org\/cmfa\/wp-content\/uploads\/2021\/03\/CMFA-2.jpg 640w, https:\/\/confederacionmasonica.org\/cmfa\/wp-content\/uploads\/2021\/03\/CMFA-2-300x300.jpg 300w, https:\/\/confederacionmasonica.org\/cmfa\/wp-content\/uploads\/2021\/03\/CMFA-2-150x150.jpg 150w\" sizes=\"auto, (max-width: 640px) 100vw, 640px\" \/><figcaption>COMFA<\/figcaption><\/figure>\n\n\n\n<h3 class=\"wp-block-heading\">Sobre la Confederaci\u00f3n<\/h3>\n\n\n\n<p>Acta Constitutiva<\/p>\n\n\n\n<div class=\"wp-block-button is-style-outline is-style-outline--1\"><a class=\"wp-block-button__link\" href=\"https:\/\/confederacionmasonica.org\/cmfa\/comfa-2\/\" target=\"_blank\" rel=\"noreferrer noopener\">Ver<\/a><\/div>\n<\/div><\/div>\n\n\n\n<div class=\"wp-block-group\"><div class=\"wp-block-group__inner-container is-layout-flow wp-block-group-is-layout-flow\">\n<figure class=\"wp-block-image alignfull size-large\"><img loading=\"lazy\" decoding=\"async\" width=\"281\" height=\"179\" src=\"https:\/\/confederacionmasonica.org\/cmfa\/wp-content\/uploads\/2021\/03\/Estatuto.jpg\" alt=\"\" class=\"wp-image-92\"\/><\/figure>\n\n\n\n<h3 class=\"wp-block-heading\">Estatuto<\/h3>\n\n\n\n<p>Aprobado 21-Dic-2021<\/p>\n\n\n\n<div class=\"wp-block-button is-style-outline is-style-outline--2\"><a class=\"wp-block-button__link\" href=\"https:\/\/make.wordpress.org\/core\/2019\/09\/27\/block-editor-theme-related-updates-in-wordpress-5-3\/\" target=\"_blank\" rel=\"noreferrer noopener\">Leer m\u00e1s<\/a><\/div>\n<\/div><\/div>\n<\/div>\n\n\n\n<div class=\"wp-block-column is-layout-flow wp-block-column-is-layout-flow\">\n<div class=\"wp-block-group\"><div class=\"wp-block-group__inner-container is-layout-flow wp-block-group-is-layout-flow\">\n<figure class=\"wp-block-image alignfull size-large\"><img loading=\"lazy\" decoding=\"async\" width=\"614\" height=\"874\" src=\"https:\/\/confederacionmasonica.org\/cmfa\/wp-content\/uploads\/2021\/03\/WhatsApp-Image-2021-03-06-at-18.31.20.jpeg\" alt=\"\" class=\"wp-image-97\" srcset=\"https:\/\/confederacionmasonica.org\/cmfa\/wp-content\/uploads\/2021\/03\/WhatsApp-Image-2021-03-06-at-18.31.20.jpeg 614w, https:\/\/confederacionmasonica.org\/cmfa\/wp-content\/uploads\/2021\/03\/WhatsApp-Image-2021-03-06-at-18.31.20-211x300.jpeg 211w\" sizes=\"auto, (max-width: 614px) 100vw, 614px\" \/><figcaption>Sec. Gral :  M:. I:. P:. H:. Ricardo Romero<\/figcaption><\/figure>\n\n\n\n<h3 class=\"wp-block-heading\">Autoridades<\/h3>\n\n\n\n<p>Mesa Ejecutiva<\/p>\n\n\n\n<div class=\"wp-block-button is-style-outline is-style-outline--3\"><a class=\"wp-block-button__link\" href=\"https:\/\/confederacionmasonica.org\/cmfa\/autoridades\/\" target=\"_blank\" rel=\"noreferrer noopener\">Ver<\/a><\/div>\n<\/div><\/div>\n\n\n\n<div class=\"wp-block-group\"><div class=\"wp-block-group__inner-container is-layout-flow wp-block-group-is-layout-flow\">\n<figure class=\"wp-block-image alignfull size-large\"><img loading=\"lazy\" decoding=\"async\" width=\"1024\" height=\"576\" src=\"https:\/\/confederacionmasonica.org\/cmfa\/wp-content\/uploads\/2021\/03\/Masoneria-1024x576.jpg\" alt=\"\" class=\"wp-image-93\" srcset=\"https:\/\/confederacionmasonica.org\/cmfa\/wp-content\/uploads\/2021\/03\/Masoneria-1024x576.jpg 1024w, https:\/\/confederacionmasonica.org\/cmfa\/wp-content\/uploads\/2021\/03\/Masoneria-300x169.jpg 300w, https:\/\/confederacionmasonica.org\/cmfa\/wp-content\/uploads\/2021\/03\/Masoneria-768x432.jpg 768w, https:\/\/confederacionmasonica.org\/cmfa\/wp-content\/uploads\/2021\/03\/Masoneria.jpg 1280w\" sizes=\"auto, (max-width: 1024px) 100vw, 1024px\" \/><\/figure>\n\n\n\n<h3 class=\"wp-block-heading\">Noticias<\/h3>\n\n\n\n<p>Noticias y eventos de la COMFA<\/p>\n\n\n\n<div class=\"wp-block-button is-style-outline is-style-outline--4\"><a class=\"wp-block-button__link\" href=\"https:\/\/confederacionmasonica.org\/cmfa\/noticias\/\" target=\"_blank\" rel=\"noreferrer noopener\">Leer m\u00e1s<\/a><\/div>\n<\/div><\/div>\n<\/div>\n<\/div>\n\n\n\n<div class=\"wp-block-group alignwide\"><div class=\"wp-block-group__inner-container is-layout-flow wp-block-group-is-layout-flow\">\n<h2 class=\"has-text-align-center has-accent-color has-text-color wp-block-heading\">Objetivos<\/h2>\n<\/div><\/div>\n\n\n\n<p class=\"has-text-align-center\">1) Promover el reconocimiento p\u00fablico de la Masoner\u00eda, desde su rol en el pasado, presente y futuro de Am\u00e9rica y el Mundo, especialmente en su labor progresista, con el fin de promover el pensamiento cr\u00edtico, simb\u00f3lico y filos\u00f3fico.<\/p>\n\n\n\n<p class=\"has-text-align-center\">2) Impulsar la participaci\u00f3n ciudadana y el fortalecimiento de las instituciones democr\u00e1ticas, promoviendo la ampliaci\u00f3n de derechos, especialmente a sectores hist\u00f3ricamente relegados, as\u00ed como acciones que tiendan a mejorar el Bienestar de la Humanidad en su calidad de vida.<\/p>\n\n\n\n<p class=\"has-text-align-center\">3) Difundir e impulsar el desarrollo de la Masoner\u00eda, en base al pensamiento cr\u00edtico, simb\u00f3lico y filos\u00f3fico, desde una perspectiva interdisciplinaria, articulando actividades acad\u00e9micas de formaci\u00f3n, investigaci\u00f3n asesoramiento t\u00e9cnico profesional y de intercambio interinstitucional de orden local, nacional e internacional, estimulando la producci\u00f3n mas\u00f3nica y acad\u00e9mica de las y los miembros de la Confederaci\u00f3n.<\/p>\n\n\n\n<div class=\"wp-block-group alignwide has-background\" style=\"background-color:#ffffff\"><div class=\"wp-block-group__inner-container is-layout-flow wp-block-group-is-layout-flow\">\n<div class=\"wp-block-group\"><div class=\"wp-block-group__inner-container is-layout-flow wp-block-group-is-layout-flow\">\n<h2 class=\"has-text-align-center wp-block-heading\">Miembros<\/h2>\n\n\n\n<p class=\"has-text-align-center\">Se presentan los altos cuerpos de ritos y \u00f3rdenes mas\u00f3nicas fundadoras, miembros y asociadas<\/p>\n\n\n\n<div class=\"wp-block-button aligncenter\"><a class=\"wp-block-button__link\" href=\"https:\/\/confederacionmasonica.org\/cmfa\/miembros\/\" target=\"_blank\" rel=\"noreferrer noopener\">Ver N\u00f3mina<\/a><\/div>\n<\/div><\/div>\n\n\n\n<div class=\"wp-block-group\"><div class=\"wp-block-group__inner-container is-layout-flow wp-block-group-is-layout-flow\">\n<h2 class=\"has-text-align-center wp-block-heading\">Sumarse a la COMFA<\/h2>\n\n\n\n<p class=\"has-text-align-center\">Los altos cuerpos de ritos y \u00f3rdenes mas\u00f3nicas podr\u00e1n solicitan ingreso comunic\u00e1ndose con la Secretar\u00eda General<\/p>\n\n\n\n<div class=\"wp-block-button aligncenter\"><a class=\"wp-block-button__link\" href=\"https:\/\/confederacionmasonica.org\/cmfa\/contacto\/\" target=\"_blank\" rel=\"noreferrer noopener\">Solicitar ingreso<\/a><\/div>\n<\/div><\/div>\n<\/div><\/div>\n\n\n\n<figure class=\"wp-block-gallery alignwide columns-2 is-cropped wp-block-gallery-5 is-layout-flex wp-block-gallery-is-layout-flex\"><ul class=\"blocks-gallery-grid\"><li class=\"blocks-gallery-item\"><figure><img loading=\"lazy\" decoding=\"async\" width=\"1024\" height=\"637\" src=\"https:\/\/confederacionmasonica.org\/cmfa\/wp-content\/uploads\/2021\/03\/Templo-1024x637.jpg\" alt=\"\" data-id=\"87\" data-link=\"https:\/\/confederacionmasonica.org\/cmfa\/comfa\/templo\/\" class=\"wp-image-87\" srcset=\"https:\/\/confederacionmasonica.org\/cmfa\/wp-content\/uploads\/2021\/03\/Templo-1024x637.jpg 1024w, https:\/\/confederacionmasonica.org\/cmfa\/wp-content\/uploads\/2021\/03\/Templo-300x187.jpg 300w, https:\/\/confederacionmasonica.org\/cmfa\/wp-content\/uploads\/2021\/03\/Templo-768x478.jpg 768w, https:\/\/confederacionmasonica.org\/cmfa\/wp-content\/uploads\/2021\/03\/Templo.jpg 1080w\" sizes=\"auto, (max-width: 1024px) 100vw, 1024px\" \/><\/figure><\/li><li class=\"blocks-gallery-item\"><figure><img loading=\"lazy\" decoding=\"async\" width=\"640\" height=\"360\" src=\"https:\/\/confederacionmasonica.org\/cmfa\/wp-content\/uploads\/2021\/03\/151920850_103432071793842_8690701499640277933_n-1.jpg\" alt=\"\" data-id=\"88\" data-full-url=\"https:\/\/confederacionmasonica.org\/cmfa\/wp-content\/uploads\/2021\/03\/151920850_103432071793842_8690701499640277933_n-1.jpg\" data-link=\"https:\/\/confederacionmasonica.org\/cmfa\/comfa\/151920850_103432071793842_8690701499640277933_n-1\/\" class=\"wp-image-88\" srcset=\"https:\/\/confederacionmasonica.org\/cmfa\/wp-content\/uploads\/2021\/03\/151920850_103432071793842_8690701499640277933_n-1.jpg 640w, https:\/\/confederacionmasonica.org\/cmfa\/wp-content\/uploads\/2021\/03\/151920850_103432071793842_8690701499640277933_n-1-300x169.jpg 300w\" sizes=\"auto, (max-width: 640px) 100vw, 640px\" \/><\/figure><\/li><\/ul><\/figure>\n\n\n\n<p><\/p>\n","protected":false},"excerpt":{"rendered":"<p>Presentaci\u00f3n Con el nombre de Confederaci\u00f3n Mas\u00f3nica Filos\u00f3fica Americana (C:. M:. F:. A:.), el 21 de Diciembre de 2020, se constituy\u00f3 la entidad mas\u00f3nica que nuclea a los Supremos Consejos o Similares de Entidades mas\u00f3nicas del continente. Sobre la Confederaci\u00f3n Acta Constitutiva Estatuto Aprobado 21-Dic-2021 Autoridades Mesa Ejecutiva Noticias Noticias [&hellip;]<\/p>\n","protected":false},"author":1,"featured_media":42,"parent":0,"menu_order":0,"comment_status":"closed","ping_status":"closed","template":"","meta":{"footnotes":""},"class_list":["post-6","page","type-page","status-publish","has-post-thumbnail","hentry"],"_links":{"self":[{"href":"https:\/\/confederacionmasonica.org\/cmfa\/wp-json\/wp\/v2\/pages\/6","targetHints":{"allow":["GET"]}}],"collection":[{"href":"https:\/\/confederacionmasonica.org\/cmfa\/wp-json\/wp\/v2\/pages"}],"about":[{"href":"https:\/\/confederacionmasonica.org\/cmfa\/wp-json\/wp\/v2\/types\/page"}],"author":[{"embeddable":true,"href":"https:\/\/confederacionmasonica.org\/cmfa\/wp-json\/wp\/v2\/users\/1"}],"replies":[{"embeddable":true,"href":"https:\/\/confederacionmasonica.org\/cmfa\/wp-json\/wp\/v2\/comments?post=6"}],"version-history":[{"count":15,"href":"https:\/\/confederacionmasonica.org\/cmfa\/wp-json\/wp\/v2\/pages\/6\/revisions"}],"predecessor-version":[{"id":128,"href":"https:\/\/confederacionmasonica.org\/cmfa\/wp-json\/wp\/v2\/pages\/6\/revisions\/128"}],"wp:featuredmedia":[{"embeddable":true,"href":"https:\/\/confederacionmasonica.org\/cmfa\/wp-json\/wp\/v2\/media\/42"}],"wp:attachment":[{"href":"https:\/\/confederacionmasonica.org\/cmfa\/wp-json\/wp\/v2\/media?parent=6"}],"curies":[{"name":"wp","href":"https:\/\/api.w.org\/{rel}","templated":true}]}}